{"id":2780,"date":"2015-11-03T02:46:28","date_gmt":"2015-11-03T02:46:28","guid":{"rendered":"http:\/\/demo.thimpress.com\/eduma\/?page_id=2780"},"modified":"2021-12-13T09:30:03","modified_gmt":"2021-12-13T09:30:03","slug":"fondacioni-maarif","status":"publish","type":"page","link":"https:\/\/nys.edu.al\/?page_id=2780","title":{"rendered":"Fondacioni Maarif"},"content":{"rendered":"\t\t<div data-elementor-type=\"wp-post\" data-elementor-id=\"2780\" class=\"elementor elementor-2780\">\n\t\t\t\t\t\t<section class=\"elementor-section elementor-top-section elementor-element elementor-element-ef5fe4b elementor-section-boxed elementor-section-height-default elementor-section-height-default\" data-id=\"ef5fe4b\" data-element_type=\"section\">\n\t\t\t\t\t\t<div class=\"elementor-container elementor-column-gap-no\">\n\t\t\t\t\t<div class=\"elementor-column elementor-col-100 elementor-top-column elementor-element elementor-element-dcdc7a9\" data-id=\"dcdc7a9\" data-element_type=\"column\">\n\t\t\t<div class=\"elementor-widget-wrap elementor-element-populated\">\n\t\t\t\t\t\t<div class=\"elementor-element elementor-element-7dcf409 elementor-invisible elementor-widget elementor-widget-thim-heading\" data-id=\"7dcf409\" data-element_type=\"widget\" data-settings=\"{&quot;_animation&quot;:&quot;fadeIn&quot;}\" data-widget_type=\"thim-heading.default\">\n\t\t\t\t<div class=\"elementor-widget-container\">\n\t\t\t\t\t<div class=\"thim-widget-heading template-base\"><div class=\"sc_heading  text-center\"><h3 style=\"text-transform: uppercase;\" class=\"title\">FONDACIONI TURK MAARIF<\/h3><span class=\"line\"><\/span><\/div><\/div>\t\t\t\t<\/div>\n\t\t\t\t<\/div>\n\t\t\t\t\t<\/div>\n\t\t<\/div>\n\t\t\t\t\t<\/div>\n\t\t<\/section>\n\t\t\t\t<section class=\"elementor-section elementor-top-section elementor-element elementor-element-c7807e6 elementor-section-boxed elementor-section-height-default elementor-section-height-default\" data-id=\"c7807e6\" data-element_type=\"section\">\n\t\t\t\t\t\t<div class=\"elementor-container elementor-column-gap-no\">\n\t\t\t\t\t<div class=\"elementor-column elementor-col-100 elementor-top-column elementor-element elementor-element-0451d5b\" data-id=\"0451d5b\" data-element_type=\"column\">\n\t\t\t<div class=\"elementor-widget-wrap elementor-element-populated\">\n\t\t\t\t\t\t<div class=\"elementor-element elementor-element-2463128 elementor-invisible elementor-widget elementor-widget-text-editor\" data-id=\"2463128\" data-element_type=\"widget\" data-settings=\"{&quot;_animation&quot;:&quot;fadeIn&quot;}\" data-widget_type=\"text-editor.default\">\n\t\t\t\t<div class=\"elementor-widget-container\">\n\t\t\t\t\t\t\t\t\t<p>Fondacioni Turk Maarif \u00ebsht\u00eb b\u00ebr\u00eb nj\u00eb mark\u00eb e r\u00ebnd\u00ebsishme arsimore n\u00eb t\u00eb gjith\u00eb bot\u00ebn vitet e fundit. Me vizionin e t\u00eb qenit nj\u00eb institucion q\u00eb ushqen njer\u00ebz me mendje t\u00eb past\u00ebr, tani \u00ebsht\u00eb aktiv n\u00eb m\u00eb shum\u00eb se\u00a0<em><strong>44 vende me 393 shkolla<\/strong><\/em>, <strong><em>42 konvikte me af\u00ebrsisht 44 mij\u00eb student\u00eb<\/em><\/strong>. N\u00eb Shqip\u00ebri, Fondacioni Turk Maarif \u00ebsht\u00eb i pranish\u00ebm me\u00a0<em>Universitetin e Nju Jorkut n\u00eb Tiran\u00eb<\/em>,\u00a0<em>Shkoll\u00ebn e Mesme t\u00eb Nju Jorkut<\/em>,\u00a0<em>9-vje\u00e7aren e Nju Jorkut<\/em>,\u00a0<em>IMSA Elbasan<\/em>\u00a0dhe\u00a0<em>Kopshtin Farm Kindergarten<\/em>. Sistemi arsimor IMS Albania \u00ebsht\u00eb nj\u00eb rrug\u00eb drejt suksesit, duke rritur f\u00ebmij\u00eb nga 3 vje\u00e7, derisa ata t\u00eb arrijn\u00eb \u00ebndrrat e tyre.<\/p>\t\t\t\t\t\t\t\t<\/div>\n\t\t\t\t<\/div>\n\t\t\t\t\t<\/div>\n\t\t<\/div>\n\t\t\t\t\t<\/div>\n\t\t<\/section>\n\t\t\t\t<section class=\"elementor-section elementor-top-section elementor-element elementor-element-b01b394 elementor-section-boxed elementor-section-height-default elementor-section-height-default\" data-id=\"b01b394\" data-element_type=\"section\">\n\t\t\t\t\t\t<div class=\"elementor-container elementor-column-gap-no\">\n\t\t\t\t\t<div class=\"elementor-column elementor-col-100 elementor-top-column elementor-element elementor-element-d723cc2\" data-id=\"d723cc2\" data-element_type=\"column\">\n\t\t\t<div class=\"elementor-widget-wrap elementor-element-populated\">\n\t\t\t\t\t\t<div class=\"elementor-element elementor-element-800fe82 elementor-invisible elementor-widget elementor-widget-image\" data-id=\"800fe82\" data-element_type=\"widget\" data-settings=\"{&quot;_animation&quot;:&quot;fadeIn&quot;}\" data-widget_type=\"image.default\">\n\t\t\t\t<div class=\"elementor-widget-container\">\n\t\t\t\t\t\t\t\t\t\t\t\t\t\t\t<img fetchpriority=\"high\" decoding=\"async\" width=\"1580\" height=\"599\" src=\"https:\/\/nys.edu.al\/wp-content\/uploads\/2021\/11\/hero-slider_11a-10-1-scaled-1.jpeg\" class=\"attachment-full size-full wp-image-12697\" alt=\"\" srcset=\"https:\/\/nys.edu.al\/wp-content\/uploads\/2021\/11\/hero-slider_11a-10-1-scaled-1.jpeg 1580w, https:\/\/nys.edu.al\/wp-content\/uploads\/2021\/11\/hero-slider_11a-10-1-scaled-1-300x114.jpeg 300w, https:\/\/nys.edu.al\/wp-content\/uploads\/2021\/11\/hero-slider_11a-10-1-scaled-1-1024x388.jpeg 1024w, https:\/\/nys.edu.al\/wp-content\/uploads\/2021\/11\/hero-slider_11a-10-1-scaled-1-768x291.jpeg 768w, https:\/\/nys.edu.al\/wp-content\/uploads\/2021\/11\/hero-slider_11a-10-1-scaled-1-1536x582.jpeg 1536w, https:\/\/nys.edu.al\/wp-content\/uploads\/2021\/11\/hero-slider_11a-10-1-scaled-1-600x227.jpeg 600w\" sizes=\"(max-width: 1580px) 100vw, 1580px\" \/>\t\t\t\t\t\t\t\t\t\t\t\t\t\t\t<\/div>\n\t\t\t\t<\/div>\n\t\t\t\t\t<\/div>\n\t\t<\/div>\n\t\t\t\t\t<\/div>\n\t\t<\/section>\n\t\t\t\t<section class=\"elementor-section elementor-top-section elementor-element elementor-element-13605c6 elementor-section-boxed elementor-section-height-default elementor-section-height-default\" data-id=\"13605c6\" data-element_type=\"section\">\n\t\t\t\t\t\t<div class=\"elementor-container elementor-column-gap-no\">\n\t\t\t\t\t<div class=\"elementor-column elementor-col-100 elementor-top-column elementor-element elementor-element-7b719b3\" data-id=\"7b719b3\" data-element_type=\"column\">\n\t\t\t<div class=\"elementor-widget-wrap elementor-element-populated\">\n\t\t\t\t\t\t<div class=\"elementor-element elementor-element-76fda43 elementor-invisible elementor-widget elementor-widget-thim-heading\" data-id=\"76fda43\" data-element_type=\"widget\" data-settings=\"{&quot;_animation&quot;:&quot;fadeIn&quot;}\" data-widget_type=\"thim-heading.default\">\n\t\t\t\t<div class=\"elementor-widget-container\">\n\t\t\t\t\t<div class=\"thim-widget-heading template-base\"><div class=\"sc_heading  text-center\"><h3 style=\"text-transform: uppercase;\" class=\"title\"> <span class=\"thim-color\">Q\u00ebLLIMI I KRIJIMIT<\/span><\/h3><p class=\"sub-heading\" style=\"\">Fondacioni Turk Maarif sh\u00ebrben si nj\u00eb port\u00eb p\u00ebr aren\u00ebn nd\u00ebrkomb\u00ebtare t\u00eb arsimit t\u00eb Turqis\u00eb, q\u00eb do t\u00eb kontribuoj\u00eb n\u00eb rritjen e nd\u00ebrveprimit kulturor dhe civilizues dhe duke hapur rrug\u00ebn p\u00ebr arritjen e mir\u00ebqenies s\u00eb p\u00ebrbashk\u00ebt.\n\nS\u00eb bashku me Ministrin\u00eb e Arsimit Komb\u00ebtar, TMF e themeluar me ligjin e miratuar m\u00eb 17 qershor 2016 nga Parlamenti turk \u00ebsht\u00eb i vetmi subjekt i autorizuar p\u00ebr ofrimin e sh\u00ebrbimeve arsimore jasht\u00eb vendit.<\/p><span class=\"line\"><\/span><\/div><\/div>\t\t\t\t<\/div>\n\t\t\t\t<\/div>\n\t\t\t\t\t<\/div>\n\t\t<\/div>\n\t\t\t\t\t<\/div>\n\t\t<\/section>\n\t\t\t\t<section class=\"elementor-section elementor-top-section elementor-element elementor-element-dc6495f elementor-section-boxed elementor-section-height-default elementor-section-height-default\" data-id=\"dc6495f\" data-element_type=\"section\">\n\t\t\t\t\t\t<div class=\"elementor-container elementor-column-gap-no\">\n\t\t\t\t\t<div class=\"elementor-column elementor-col-100 elementor-top-column elementor-element elementor-element-546ee08\" data-id=\"546ee08\" data-element_type=\"column\">\n\t\t\t<div class=\"elementor-widget-wrap\">\n\t\t\t\t\t\t\t<\/div>\n\t\t<\/div>\n\t\t\t\t\t<\/div>\n\t\t<\/section>\n\t\t\t\t<section class=\"elementor-section elementor-top-section elementor-element elementor-element-2482687 elementor-section-boxed elementor-section-height-default elementor-section-height-default\" data-id=\"2482687\" data-element_type=\"section\">\n\t\t\t\t\t\t<div class=\"elementor-container elementor-column-gap-extended\">\n\t\t\t\t\t<div class=\"elementor-column elementor-col-50 elementor-top-column elementor-element elementor-element-acc3f7f\" data-id=\"acc3f7f\" data-element_type=\"column\">\n\t\t\t<div class=\"elementor-widget-wrap elementor-element-populated\">\n\t\t\t\t\t\t<div class=\"elementor-element elementor-element-e9cef13 elementor-invisible elementor-widget elementor-widget-image\" data-id=\"e9cef13\" data-element_type=\"widget\" data-settings=\"{&quot;_animation&quot;:&quot;fadeInLeft&quot;}\" data-widget_type=\"image.default\">\n\t\t\t\t<div class=\"elementor-widget-container\">\n\t\t\t\t\t\t\t\t\t\t\t\t\t\t\t<img decoding=\"async\" width=\"274\" height=\"300\" src=\"https:\/\/nys.edu.al\/wp-content\/uploads\/2021\/11\/TMV-Logo-Vr1-274x300.jpg\" class=\"attachment-medium size-medium wp-image-12709\" alt=\"\" srcset=\"https:\/\/nys.edu.al\/wp-content\/uploads\/2021\/11\/TMV-Logo-Vr1-274x300.jpg 274w, https:\/\/nys.edu.al\/wp-content\/uploads\/2021\/11\/TMV-Logo-Vr1-600x658.jpg 600w, https:\/\/nys.edu.al\/wp-content\/uploads\/2021\/11\/TMV-Logo-Vr1.jpg 714w\" sizes=\"(max-width: 274px) 100vw, 274px\" \/>\t\t\t\t\t\t\t\t\t\t\t\t\t\t\t<\/div>\n\t\t\t\t<\/div>\n\t\t\t\t\t<\/div>\n\t\t<\/div>\n\t\t\t\t<div class=\"elementor-column elementor-col-50 elementor-top-column elementor-element elementor-element-b0d39cc\" data-id=\"b0d39cc\" data-element_type=\"column\">\n\t\t\t<div class=\"elementor-widget-wrap elementor-element-populated\">\n\t\t\t\t\t\t<div class=\"elementor-element elementor-element-05a9d4d thim-widget-tab elementor-invisible elementor-widget elementor-widget-thim-tab\" data-id=\"05a9d4d\" data-element_type=\"widget\" data-settings=\"{&quot;_animation&quot;:&quot;fadeInRight&quot;}\" data-widget_type=\"thim-tab.default\">\n\t\t\t\t<div class=\"elementor-widget-container\">\n\t\t\t\t\t<div class=\"thim-widget-tab template-tab\">\n<ul class=\"nav nav-tabs\" role=\"tablist\"><li role=\"presentation\" class='active tab-col-3'><a href=\"#thim-widget-tab-11778584391-1-63\"  role=\"tab\" data-toggle=\"tab\"><i class=\"fas fa-lightbulb\" style=\"color:#00adbb; font-size:20px; display:block; \"><\/i> <span>Vizioni<\/span><\/a><\/li><li role=\"presentation\" class='tab-col-3'><a href=\"#thim-widget-tab-21778584391-1-63\"  role=\"tab\" data-toggle=\"tab\"><i class=\"fas fa-key\" style=\"color:#00adbb; font-size:20px; display:block; \"><\/i> <span>Misioni<\/span><\/a><\/li><li role=\"presentation\" class='tab-col-3'><a href=\"#thim-widget-tab-31778584391-1-63\"  role=\"tab\" data-toggle=\"tab\"><i class=\"fas fa-award\" style=\"color:#00adbb; font-size:20px; display:block; \"><\/i> <span>Vlerat<\/span><\/a><\/li><\/ul><div class=\"tab-content\"> <div role=\"tabpanel\" class=\"tab-pane active\" id=\"thim-widget-tab-11778584391-1-63\">T\u00eb b\u00ebhet nj\u00eb institucion arsimor q\u00eb krijon njer\u00ebz me mendje t\u00eb past\u00ebr q\u00eb p\u00ebrdorin dijen p\u00ebr paqen dhe mir\u00ebqenien e njer\u00ebzimit.<\/div> <div role=\"tabpanel\" class=\"tab-pane\" id=\"thim-widget-tab-21778584391-1-63\">P\u00ebr t\u00eb kryer aktivitete gjith\u00ebp\u00ebrfshir\u00ebse edukative n\u00eb mbar\u00eb bot\u00ebn bazuar n\u00eb vlerat e p\u00ebrbashk\u00ebta t\u00eb njer\u00ebzimit dhe tradit\u00ebn anatoliane t\u00eb men\u00e7uris\u00eb.<\/div> <div role=\"tabpanel\" class=\"tab-pane\" id=\"thim-widget-tab-31778584391-1-63\">Besimi.\nTransparenca.\nBashk\u00ebpunimi dhe Solidariteti.\nKopetenca dhe Virtyti.\nP\u00ebrfshirja n\u00eb Arsim.\nUniversaliteti.<\/div><\/div><\/div>\t\t\t\t<\/div>\n\t\t\t\t<\/div>\n\t\t\t\t\t<\/div>\n\t\t<\/div>\n\t\t\t\t\t<\/div>\n\t\t<\/section>\n\t\t\t\t<section class=\"elementor-section elementor-top-section elementor-element elementor-element-e79d0ca elementor-section-boxed elementor-section-height-default elementor-section-height-default\" data-id=\"e79d0ca\" data-element_type=\"section\">\n\t\t\t\t\t\t<div class=\"elementor-container elementor-column-gap-default\">\n\t\t\t\t\t<div class=\"elementor-column elementor-col-50 elementor-top-column elementor-element elementor-element-284c2cd\" data-id=\"284c2cd\" data-element_type=\"column\">\n\t\t\t<div class=\"elementor-widget-wrap elementor-element-populated\">\n\t\t\t\t\t\t<div class=\"elementor-element elementor-element-fb9d12b elementor-invisible elementor-widget elementor-widget-image\" data-id=\"fb9d12b\" data-element_type=\"widget\" data-settings=\"{&quot;_animation&quot;:&quot;fadeInLeft&quot;}\" data-widget_type=\"image.default\">\n\t\t\t\t<div class=\"elementor-widget-container\">\n\t\t\t\t\t\t\t\t\t\t\t\t\t\t\t<img decoding=\"async\" width=\"610\" height=\"359\" src=\"https:\/\/nys.edu.al\/wp-content\/uploads\/2021\/11\/Birol-AKGUN.jpg\" class=\"attachment-medium_large size-medium_large wp-image-12733\" alt=\"\" srcset=\"https:\/\/nys.edu.al\/wp-content\/uploads\/2021\/11\/Birol-AKGUN.jpg 610w, https:\/\/nys.edu.al\/wp-content\/uploads\/2021\/11\/Birol-AKGUN-300x177.jpg 300w, https:\/\/nys.edu.al\/wp-content\/uploads\/2021\/11\/Birol-AKGUN-600x353.jpg 600w\" sizes=\"(max-width: 610px) 100vw, 610px\" \/>\t\t\t\t\t\t\t\t\t\t\t\t\t\t\t<\/div>\n\t\t\t\t<\/div>\n\t\t\t\t<div class=\"elementor-element elementor-element-183942e elementor-invisible elementor-widget elementor-widget-thim-icon-box\" data-id=\"183942e\" data-element_type=\"widget\" data-settings=\"{&quot;_animation&quot;:&quot;fadeInLeft&quot;}\" data-widget_type=\"thim-icon-box.default\">\n\t\t\t\t<div class=\"elementor-widget-container\">\n\t\t\t\t\t<div class=\"thim-widget-icon-box template-base\"><div class=\"wrapper-box-icon has_custom_image text-left \"  ><div class=\"smicon-box iconbox-left\"><div class=\"boxes-icon\" style=\"width: 20px;\"><span class=\"inner-icon\"><span class=\"icon\"><i class=\"fa fa-building\" style=\"color:#00ADBB; font-size:14px; line-height:14px; vertical-align: middle;\"><\/i><\/span><\/span><\/div><div class=\"content-inner\"  style=\"width: calc( 100% - 20px - 15px);\"><div class=\"sc-heading article_heading\"><h3 class = \"heading__primary\" style=\"font-size: 14px; line-height: 14px;margin-top: 7px;margin-bottom: 0px;\">Y\u0131ld\u0131r\u0131m Beyaz\u0131t \u00dcniversitesi, Siyasal Bilgiler Fak\u00fcltesi, Uluslararas\u0131 \u0130li\u015fkiler B\u00f6l\u00fcm\u00fc, \u00c7ankaya, Ankara<\/h3><\/div><\/div><\/div><!--end smicon-box--><\/div><\/div>\t\t\t\t<\/div>\n\t\t\t\t<\/div>\n\t\t\t\t<div class=\"elementor-element elementor-element-a03a979 elementor-invisible elementor-widget elementor-widget-thim-icon-box\" data-id=\"a03a979\" data-element_type=\"widget\" data-settings=\"{&quot;_animation&quot;:&quot;fadeInLeft&quot;}\" data-widget_type=\"thim-icon-box.default\">\n\t\t\t\t<div class=\"elementor-widget-container\">\n\t\t\t\t\t<div class=\"thim-widget-icon-box template-base\"><div class=\"wrapper-box-icon has_custom_image text-left \"  ><div class=\"smicon-box iconbox-left\"><div class=\"boxes-icon\" style=\"width: 20px;\"><span class=\"inner-icon\"><span class=\"icon\"><i class=\"fa fa-envelope\" style=\"color:#00ADBB; font-size:14px; line-height:14px; vertical-align: middle;\"><\/i><\/span><\/span><\/div><div class=\"content-inner\"  style=\"width: calc( 100% - 20px - 15px);\"><div class=\"sc-heading article_heading\"><h3 class = \"heading__primary\" style=\"font-size: 14px; line-height: 14px;margin-top: 7px;margin-bottom: 0px;\">birolakgun@ybu.gov.tr<\/h3><\/div><\/div><\/div><!--end smicon-box--><\/div><\/div>\t\t\t\t<\/div>\n\t\t\t\t<\/div>\n\t\t\t\t<div class=\"elementor-element elementor-element-5b5df18 elementor-invisible elementor-widget elementor-widget-thim-icon-box\" data-id=\"5b5df18\" data-element_type=\"widget\" data-settings=\"{&quot;_animation&quot;:&quot;fadeInLeft&quot;}\" data-widget_type=\"thim-icon-box.default\">\n\t\t\t\t<div class=\"elementor-widget-container\">\n\t\t\t\t\t<div class=\"thim-widget-icon-box template-base\"><div class=\"wrapper-box-icon has_custom_image text-left \"  ><div class=\"smicon-box iconbox-left\"><div class=\"boxes-icon\" style=\"width: 20px;\"><span class=\"inner-icon\"><span class=\"icon\"><i class=\"fa fa-phone\" style=\"color:#00ADBB; font-size:14px; line-height:14px; vertical-align: middle;\"><\/i><\/span><\/span><\/div><div class=\"content-inner\"  style=\"width: calc( 100% - 20px - 15px);\"><div class=\"sc-heading article_heading\"><h3 class = \"heading__primary\" style=\"font-size: 13px; line-height: 13px;font-weight: 700;margin-top: 7px;margin-bottom: 0px;\">0332-2492695<\/h3><\/div><\/div><\/div><!--end smicon-box--><\/div><\/div>\t\t\t\t<\/div>\n\t\t\t\t<\/div>\n\t\t\t\t\t<\/div>\n\t\t<\/div>\n\t\t\t\t<div class=\"elementor-column elementor-col-50 elementor-top-column elementor-element elementor-element-20cb981\" data-id=\"20cb981\" data-element_type=\"column\">\n\t\t\t<div class=\"elementor-widget-wrap elementor-element-populated\">\n\t\t\t\t\t\t<div class=\"elementor-element elementor-element-32e45b9 elementor-invisible elementor-widget elementor-widget-thim-heading\" data-id=\"32e45b9\" data-element_type=\"widget\" data-settings=\"{&quot;_animation&quot;:&quot;fadeInRight&quot;}\" data-widget_type=\"thim-heading.default\">\n\t\t\t\t<div class=\"elementor-widget-container\">\n\t\t\t\t\t<div class=\"thim-widget-heading template-base\"><div class=\"sc_heading  text-left\"><h3 style=\"text-transform: uppercase;\" class=\"title\"> <span class=\"thim-color\">Fjalimi i Prof. Dr. Birol AKG\u00dcN<\/span><\/h3><p class=\"sub-heading\" style=\"\">N\u00eb vitet e fundit, Turqia ka forcuar pozicionin e saj n\u00eb aren\u00ebn nd\u00ebrkomb\u00ebtare. Ekonomi \u00ebsht\u00eb zhvilluar dhe infrastruktura fizike e saj \u00ebsht\u00eb b\u00ebr\u00eb mjaft e plot\u00eb dhe gradualisht realizon projektet e saj t\u00eb m\u00ebdha t\u00eb zhvillimit.<\/br><\/br>\nN\u00eb prag t\u00eb shekullit 21, kultura anatoliane ka ringjallur trash\u00ebgimin\u00eb e saj t\u00eb pasur kulturore, historike dhe qytet\u00ebruese. Kaluam p\u00ebrtej mureve artificiale t\u00eb nd\u00ebrtuara midis gjeografis\u00eb son\u00eb virtuale dhe territorit t\u00eb vendit ton\u00eb. <\/p><span class=\"line\"><\/span><\/div><\/div>\t\t\t\t<\/div>\n\t\t\t\t<\/div>\n\t\t\t\t<div class=\"elementor-element elementor-element-b3bbf6f elementor-invisible elementor-widget elementor-widget-thim-button\" data-id=\"b3bbf6f\" data-element_type=\"widget\" data-settings=\"{&quot;_animation&quot;:&quot;fadeInRight&quot;}\" data-widget_type=\"thim-button.default\">\n\t\t\t\t<div class=\"elementor-widget-container\">\n\t\t\t\t\t<div class=\"thim-widget-button template-base\"><a class=\"widget-button  no-border normal custom_style position-after\" href=\"https:\/\/nys.edu.al\/?page_id=12775\" style=\"font-size: 14px;border-color: #00ADBB;background-color: #00ADBB;\" data-hover=\"font-size: 14px;color: #00ADBB;border-color: #00ADBB;background-color: #FFFFFF;\">Lexo fjalimin e plot\u00eb<i class=\"fa fa-arrow-circle-right\" style=\"font-size: 14px;\"><\/i> <\/a><\/div>\t\t\t\t<\/div>\n\t\t\t\t<\/div>\n\t\t\t\t\t<\/div>\n\t\t<\/div>\n\t\t\t\t\t<\/div>\n\t\t<\/section>\n\t\t\t\t<\/div>\n\t\t","protected":false},"excerpt":{"rendered":"<p>FONDACIONI TURK MAARIF Fondacioni Turk Maarif \u00ebsht\u00eb b\u00ebr\u00eb nj\u00eb mark\u00eb e r\u00ebnd\u00ebsishme arsimore n\u00eb t\u00eb gjith\u00eb bot\u00ebn vitet e fundit. Me vizionin e t\u00eb qenit nj\u00eb institucion q\u00eb ushqen njer\u00ebz me mendje t\u00eb past\u00ebr, tani \u00ebsht\u00eb aktiv n\u00eb m\u00eb shum\u00eb &hellip; <\/p>\n","protected":false},"author":1,"featured_media":0,"parent":0,"menu_order":0,"comment_status":"closed","ping_status":"closed","template":"","meta":{"footnotes":""},"class_list":["post-2780","page","type-page","status-publish","hentry"],"_links":{"self":[{"href":"https:\/\/nys.edu.al\/index.php?rest_route=\/wp\/v2\/pages\/2780","targetHints":{"allow":["GET"]}}],"collection":[{"href":"https:\/\/nys.edu.al\/index.php?rest_route=\/wp\/v2\/pages"}],"about":[{"href":"https:\/\/nys.edu.al\/index.php?rest_route=\/wp\/v2\/types\/page"}],"author":[{"embeddable":true,"href":"https:\/\/nys.edu.al\/index.php?rest_route=\/wp\/v2\/users\/1"}],"replies":[{"embeddable":true,"href":"https:\/\/nys.edu.al\/index.php?rest_route=%2Fwp%2Fv2%2Fcomments&post=2780"}],"version-history":[{"count":88,"href":"https:\/\/nys.edu.al\/index.php?rest_route=\/wp\/v2\/pages\/2780\/revisions"}],"predecessor-version":[{"id":15198,"href":"https:\/\/nys.edu.al\/index.php?rest_route=\/wp\/v2\/pages\/2780\/revisions\/15198"}],"wp:attachment":[{"href":"https:\/\/nys.edu.al\/index.php?rest_route=%2Fwp%2Fv2%2Fmedia&parent=2780"}],"curies":[{"name":"wp","href":"https:\/\/api.w.org\/{rel}","templated":true}]}}