{"id":14724,"date":"2021-11-26T11:29:24","date_gmt":"2021-11-26T11:29:24","guid":{"rendered":"https:\/\/imsaelbasan.edu.al\/nys\/?page_id=14724"},"modified":"2021-11-26T11:57:04","modified_gmt":"2021-11-26T11:57:04","slug":"ciklet-arsimore","status":"publish","type":"page","link":"https:\/\/nys.edu.al\/?page_id=14724","title":{"rendered":"Ciklet Arsimore"},"content":{"rendered":"\t\t<div data-elementor-type=\"wp-post\" data-elementor-id=\"14724\" class=\"elementor elementor-14724\">\n\t\t\t\t\t\t<section class=\"elementor-section elementor-top-section elementor-element elementor-element-71463fb elementor-section-boxed elementor-section-height-default elementor-section-height-default\" data-id=\"71463fb\" data-element_type=\"section\">\n\t\t\t\t\t\t<div class=\"elementor-container elementor-column-gap-no\">\n\t\t\t\t\t<div class=\"elementor-column elementor-col-100 elementor-top-column elementor-element elementor-element-ff761e0\" data-id=\"ff761e0\" data-element_type=\"column\">\n\t\t\t<div class=\"elementor-widget-wrap elementor-element-populated\">\n\t\t\t\t\t\t<div class=\"elementor-element elementor-element-1323a58 elementor-widget elementor-widget-thim-heading\" data-id=\"1323a58\" data-element_type=\"widget\" data-widget_type=\"thim-heading.default\">\n\t\t\t\t<div class=\"elementor-widget-container\">\n\t\t\t\t\t<div class=\"thim-widget-heading template-base\"><div class=\"sc_heading  text-center\"><h3 style=\"text-transform: uppercase;\" class=\"title\">CIKLET ARSIMORE<\/h3><p class=\"sub-heading\" style=\"color:#00ADBB;\">NEW YORK SCHOOLS<\/p><span class=\"line\"><\/span><\/div><\/div>\t\t\t\t<\/div>\n\t\t\t\t<\/div>\n\t\t\t\t\t<\/div>\n\t\t<\/div>\n\t\t\t\t\t<\/div>\n\t\t<\/section>\n\t\t\t\t<section class=\"elementor-section elementor-top-section elementor-element elementor-element-df14156 elementor-section-boxed elementor-section-height-default elementor-section-height-default\" data-id=\"df14156\" data-element_type=\"section\">\n\t\t\t\t\t\t<div class=\"elementor-container elementor-column-gap-default\">\n\t\t\t\t\t<div class=\"elementor-column elementor-col-33 elementor-top-column elementor-element elementor-element-2239e02\" data-id=\"2239e02\" data-element_type=\"column\">\n\t\t\t<div class=\"elementor-widget-wrap elementor-element-populated\">\n\t\t\t\t\t\t<div class=\"elementor-element elementor-element-8eee5d0 elementor-widget elementor-widget-thim-icon-box\" data-id=\"8eee5d0\" data-element_type=\"widget\" data-widget_type=\"thim-icon-box.default\">\n\t\t\t\t<div class=\"elementor-widget-container\">\n\t\t\t\t\t<div class=\"thim-widget-icon-box template-base\"><div class=\"wrapper-box-icon has_custom_image text-center \"  ><div class=\"smicon-box iconbox-top\"><div class=\"content-inner\" ><div class=\"sc-heading article_heading\"><h3 class = \"heading__primary\" style=\"color: #00ADBB;font-size: 20px; line-height: 20px;font-weight: 500;margin-bottom: 0px;\">ARSIMI FILLOR<\/h3><\/div><div class=\"desc-icon-box\"><div class=\"desc-content\" style=\"font-size: 14px;font-weight: 600;line-height: 21px;\">KLASA I - V<\/div><\/div><\/div><\/div><!--end smicon-box--><\/div><\/div>\t\t\t\t<\/div>\n\t\t\t\t<\/div>\n\t\t\t\t<div class=\"elementor-element elementor-element-f0081da elementor-widget elementor-widget-thim-image-box\" data-id=\"f0081da\" data-element_type=\"widget\" data-widget_type=\"thim-image-box.default\">\n\t\t\t\t<div class=\"elementor-widget-container\">\n\t\t\t\t\t<div class=\"thim-widget-image-box template-image-box\">\n\t<div class=\"thim-image-box layout-base\">\n\t\t<img fetchpriority=\"high\" decoding=\"async\" src=\"https:\/\/nys.edu.al\/wp-content\/uploads\/2021\/11\/arsimi-fillor.jpg\" alt=\"arsimi fillor\" title=\"arsimi fillor\"  width=\"2048\" height=\"1328\">\t\t<div class=\"title\">\n\t\t\t<h3><\/h3>\n\t\t<\/div>\n\t<\/div>\n<\/div>\t\t\t\t<\/div>\n\t\t\t\t<\/div>\n\t\t\t\t<div class=\"elementor-element elementor-element-cd4eb2a elementor-widget elementor-widget-text-editor\" data-id=\"cd4eb2a\" data-element_type=\"widget\" data-widget_type=\"text-editor.default\">\n\t\t\t\t<div class=\"elementor-widget-container\">\n\t\t\t\t\t\t\t\t\t<p>P\u00ebrshtatje n\u00eb m\u00ebnyr\u00eb t\u00eb sistemuar me t\u00eb nx\u00ebnit n\u00ebp\u00ebrmjet loj\u00ebs, pun\u00ebs, m\u00ebsimit, ku nx\u00ebn\u00ebsit dallojn\u00eb loj\u00ebn nga detyra, krijojn\u00eb bazat p\u00ebr zhvillimin njoh\u00ebs socio-emocional dhe motorik t\u00eb personalitetit, me \u201ct\u00eb m\u00ebsuarit p\u00ebr t\u00eb nx\u00ebn\u00eb\u201d.<\/p>\t\t\t\t\t\t\t\t<\/div>\n\t\t\t\t<\/div>\n\t\t\t\t\t<\/div>\n\t\t<\/div>\n\t\t\t\t<div class=\"elementor-column elementor-col-33 elementor-top-column elementor-element elementor-element-42475b7\" data-id=\"42475b7\" data-element_type=\"column\">\n\t\t\t<div class=\"elementor-widget-wrap elementor-element-populated\">\n\t\t\t\t\t\t<div class=\"elementor-element elementor-element-3e6ad59 elementor-widget elementor-widget-thim-icon-box\" data-id=\"3e6ad59\" data-element_type=\"widget\" data-widget_type=\"thim-icon-box.default\">\n\t\t\t\t<div class=\"elementor-widget-container\">\n\t\t\t\t\t<div class=\"thim-widget-icon-box template-base\"><div class=\"wrapper-box-icon has_custom_image text-center \"  ><div class=\"smicon-box iconbox-top\"><div class=\"content-inner\" ><div class=\"sc-heading article_heading\"><h3 class = \"heading__primary\" style=\"color: #00ADBB;font-size: 20px; line-height: 20px;font-weight: 500;margin-bottom: 0px;\">ARSIMI I MES\u00cbM I UL\u00cbT<\/h3><\/div><div class=\"desc-icon-box\"><div class=\"desc-content\" style=\"font-size: 14px;font-weight: 600;line-height: 21px;\">KLASA VI - IX<\/div><\/div><\/div><\/div><!--end smicon-box--><\/div><\/div>\t\t\t\t<\/div>\n\t\t\t\t<\/div>\n\t\t\t\t<div class=\"elementor-element elementor-element-8fff3a3 elementor-widget elementor-widget-thim-image-box\" data-id=\"8fff3a3\" data-element_type=\"widget\" data-widget_type=\"thim-image-box.default\">\n\t\t\t\t<div class=\"elementor-widget-container\">\n\t\t\t\t\t<div class=\"thim-widget-image-box template-image-box\">\n\t<div class=\"thim-image-box layout-base\">\n\t\t<img decoding=\"async\" src=\"https:\/\/nys.edu.al\/wp-content\/uploads\/2021\/11\/arsimi-MESEM-I-ULET.jpg\" alt=\"arsimi MESEM I ULET\" title=\"arsimi MESEM I ULET\"  width=\"2048\" height=\"1328\">\t\t<div class=\"title\">\n\t\t\t<h3><\/h3>\n\t\t<\/div>\n\t<\/div>\n<\/div>\t\t\t\t<\/div>\n\t\t\t\t<\/div>\n\t\t\t\t<div class=\"elementor-element elementor-element-9f4c3f9 elementor-widget elementor-widget-text-editor\" data-id=\"9f4c3f9\" data-element_type=\"widget\" data-widget_type=\"text-editor.default\">\n\t\t\t\t<div class=\"elementor-widget-container\">\n\t\t\t\t\t\t\t\t\t<p>Ofrim sfidash p\u00ebr zhvillim intelektual, shoq\u00ebror, etik, fizik, shpirt\u00ebror t\u00eb nx\u00ebn\u00ebsve. Fitim njohurish t\u00eb q\u00ebndrueshme shkencore, kulturore, teknologjike n\u00eb m\u00ebnyr\u00eb krijuese. Zhvillim t\u00eb mendimit kritik dhe t\u00eb m\u00ebsuarit me logjik\u00eb n\u00ebp\u00ebrmjet ushtrimit t\u00eb kompetencave. Zbulim i llojeve e modeleve t\u00eb dijes, shfryt\u00ebzim i imagjinat\u00ebs pamore p\u00ebr komunikim idesh, identifikim t\u00eb hobeve\u00a0dhe\u00a0fushave\u00a0t\u00eb\u00a0interesit.<\/p>\t\t\t\t\t\t\t\t<\/div>\n\t\t\t\t<\/div>\n\t\t\t\t\t<\/div>\n\t\t<\/div>\n\t\t\t\t<div class=\"elementor-column elementor-col-33 elementor-top-column elementor-element elementor-element-63d9320\" data-id=\"63d9320\" data-element_type=\"column\">\n\t\t\t<div class=\"elementor-widget-wrap elementor-element-populated\">\n\t\t\t\t\t\t<div class=\"elementor-element elementor-element-7258967 elementor-widget elementor-widget-thim-icon-box\" data-id=\"7258967\" data-element_type=\"widget\" data-widget_type=\"thim-icon-box.default\">\n\t\t\t\t<div class=\"elementor-widget-container\">\n\t\t\t\t\t<div class=\"thim-widget-icon-box template-base\"><div class=\"wrapper-box-icon has_custom_image text-center \"  ><div class=\"smicon-box iconbox-top\"><div class=\"content-inner\" ><div class=\"sc-heading article_heading\"><h3 class = \"heading__primary\" style=\"color: #00ADBB;font-size: 20px; line-height: 20px;font-weight: 500;margin-bottom: 0px;\">ARSIMI I MES\u00cbM<\/h3><\/div><div class=\"desc-icon-box\"><div class=\"desc-content\" style=\"font-size: 14px;font-weight: 600;line-height: 21px;\">KLASA X - XII<\/div><\/div><\/div><\/div><!--end smicon-box--><\/div><\/div>\t\t\t\t<\/div>\n\t\t\t\t<\/div>\n\t\t\t\t<div class=\"elementor-element elementor-element-59705db elementor-widget elementor-widget-thim-image-box\" data-id=\"59705db\" data-element_type=\"widget\" data-widget_type=\"thim-image-box.default\">\n\t\t\t\t<div class=\"elementor-widget-container\">\n\t\t\t\t\t<div class=\"thim-widget-image-box template-image-box\">\n\t<div class=\"thim-image-box layout-base\">\n\t\t<img decoding=\"async\" src=\"https:\/\/nys.edu.al\/wp-content\/uploads\/2021\/11\/arsimi-i-mesem.jpg\" alt=\"arsimi i mesem\" title=\"arsimi i mesem\"  width=\"2048\" height=\"1328\">\t\t<div class=\"title\">\n\t\t\t<h3><\/h3>\n\t\t<\/div>\n\t<\/div>\n<\/div>\t\t\t\t<\/div>\n\t\t\t\t<\/div>\n\t\t\t\t<div class=\"elementor-element elementor-element-07ca01d elementor-widget elementor-widget-text-editor\" data-id=\"07ca01d\" data-element_type=\"widget\" data-widget_type=\"text-editor.default\">\n\t\t\t\t<div class=\"elementor-widget-container\">\n\t\t\t\t\t\t\t\t\t<p>Ka si synim t\u00eb krijoj\u00eb nj\u00eb standard t\u00eb ri n\u00eb m\u00ebsimdh\u00ebnie, p\u00ebr arsimin e mes\u00ebm t\u00eb lart\u00eb n\u00eb Shqip\u00ebri. M\u00ebsuesit, me p\u00ebrvoj\u00eb n\u00eb m\u00ebsimdh\u00ebnie, u sigurojn\u00eb nx\u00ebn\u00ebsve nj\u00eb program arsimor, cil\u00ebsor dhe aktivitete t\u00eb ndryshme ekstrakurrikulare n\u00eb shkenca, sporte dhe arte.<\/p>\t\t\t\t\t\t\t\t<\/div>\n\t\t\t\t<\/div>\n\t\t\t\t\t<\/div>\n\t\t<\/div>\n\t\t\t\t\t<\/div>\n\t\t<\/section>\n\t\t\t\t<\/div>\n\t\t","protected":false},"excerpt":{"rendered":"<p>CIKLET ARSIMORE NEW YORK SCHOOLS ARSIMI FILLOR KLASA I &#8211; V P\u00ebrshtatje n\u00eb m\u00ebnyr\u00eb t\u00eb sistemuar me t\u00eb nx\u00ebnit n\u00ebp\u00ebrmjet loj\u00ebs, pun\u00ebs, m\u00ebsimit, ku nx\u00ebn\u00ebsit dallojn\u00eb loj\u00ebn nga detyra, krijojn\u00eb bazat p\u00ebr zhvillimin njoh\u00ebs socio-emocional dhe motorik t\u00eb personalitetit, me &hellip; <\/p>\n","protected":false},"author":1,"featured_media":0,"parent":0,"menu_order":0,"comment_status":"closed","ping_status":"closed","template":"","meta":{"footnotes":""},"class_list":["post-14724","page","type-page","status-publish","hentry"],"_links":{"self":[{"href":"https:\/\/nys.edu.al\/index.php?rest_route=\/wp\/v2\/pages\/14724","targetHints":{"allow":["GET"]}}],"collection":[{"href":"https:\/\/nys.edu.al\/index.php?rest_route=\/wp\/v2\/pages"}],"about":[{"href":"https:\/\/nys.edu.al\/index.php?rest_route=\/wp\/v2\/types\/page"}],"author":[{"embeddable":true,"href":"https:\/\/nys.edu.al\/index.php?rest_route=\/wp\/v2\/users\/1"}],"replies":[{"embeddable":true,"href":"https:\/\/nys.edu.al\/index.php?rest_route=%2Fwp%2Fv2%2Fcomments&post=14724"}],"version-history":[{"count":37,"href":"https:\/\/nys.edu.al\/index.php?rest_route=\/wp\/v2\/pages\/14724\/revisions"}],"predecessor-version":[{"id":14768,"href":"https:\/\/nys.edu.al\/index.php?rest_route=\/wp\/v2\/pages\/14724\/revisions\/14768"}],"wp:attachment":[{"href":"https:\/\/nys.edu.al\/index.php?rest_route=%2Fwp%2Fv2%2Fmedia&parent=14724"}],"curies":[{"name":"wp","href":"https:\/\/api.w.org\/{rel}","templated":true}]}}